{"id":309,"date":"2024-04-05T21:30:25","date_gmt":"2024-04-05T19:30:25","guid":{"rendered":"https:\/\/wordpress.fofim.gob.bo\/?page_id=309"},"modified":"2025-09-12T16:47:05","modified_gmt":"2025-09-12T20:47:05","slug":"declaracion-de-la-mision-vision-valores-y-principios-de-la-entidad","status":"publish","type":"page","link":"https:\/\/www.fofim.gob.bo\/index.php\/declaracion-de-la-mision-vision-valores-y-principios-de-la-entidad\/","title":{"rendered":"Misi\u00f3n, Visi\u00f3n, Valores y Principios de la Entidad"},"content":{"rendered":"\n<p><\/p>\n\n\n\n<h2 class=\"wp-block-heading\">Nuestra Misi\u00f3n<\/h2>\n\n\n\n<p>El optimizar el financiamiento de la cadena productiva del sector Cooperativo Minero mediante la otorgaci\u00f3n de pr\u00e9stamos y asistencia t\u00e9cnico administrativa para la satisfacci\u00f3n de sus necesidades de financiamiento y el Vivir Bien.<\/p>\n\n\n\n<p><\/p>\n\n\n\n<h2 class=\"wp-block-heading\">Nuestra Visi\u00f3n<\/h2>\n\n\n\n<p>Ser una entidad que dispone de soluciones de financiamiento por tipo de explotaci\u00f3n para optimizar la cadena productiva minera cooperativizada con asistencia t\u00e9cnica y contar con personal capacitado y comprometido con el desarrollo del sector.<\/p>\n\n\n\n<h2 class=\"wp-block-heading\">Principios y Valores Institucionales:<\/h2>\n\n\n\n<p>EL FOFIM, enmarcado en la CPE del Estado Plurinacional de Bolivia, comparte los principios y valores establecidos en el Art. 8:<\/p>\n\n\n\n<ul class=\"wp-block-list\">\n<li>l. \u00abEl Estado asume y promueve como principios \u00e9tico-morales de la sociedad plural: ama qhilla, ama llulla, ama suwa (no seas flojo, no seas mentiroso ni seas ladr\u00f3n), suma qama\u00f1a (vivir bien), \u00f1andereko (vida armoniosa), teko kavi (vida buena), ivi maraei (tierra sin mal) y qhapaj \u00f1an (camino o vida noble).<\/li>\n\n\n\n<li>II. \u00abEl Estado se sustenta en los valores de unidad, igualdad, inclusi\u00f3n, dignidad, libertad, solidaridad, reciprocidad, respeto, complementariedad, armon\u00eda, transparencia, equilibrio, igualdad de oportunidades, equidad social y de g\u00e9nero en la participaci\u00f3n, bienestar com\u00fan, responsabilidad, justicia social, distribuci\u00f3n y redistribuci\u00f3n de los productos y bienes sociales, para vivir bien.\u00bb<\/li>\n<\/ul>\n\n\n\n<p>As\u00ed como los principios establecidos en Ley N\u00b0 535 de Miner\u00eda y Metalurgia, en el Cap\u00edtulo II, Art. 5:<\/p>\n\n\n\n<p>a) Funci\u00f3n Econ\u00f3mica Social.<\/p>\n\n\n\n<p>b) Inter\u00e9s Econ\u00f3mico Social.<\/p>\n\n\n\n<p>c) Intransferibilidad e intransmisibilidad del \u00e1rea minera.<\/p>\n\n\n\n<p>d) Seguridad jur\u00eddica para los actores productivos mineros en toda la cadena productiva. El Estado otorga, reconoce, respeta y garantiza los derechos mineros, protege la inversi\u00f3n y el ejercicio pleno de sus actividades, en cumplimiento de la Constituci\u00f3n Pol\u00edtica del Estado.<\/p>\n\n\n\n<p>e) Responsabilidad Social en el aprovechamiento de recursos mineros en el marco del desarrollo sustentable, orientado a mejorar la calidad de vida de las y los bolivianos.<\/p>\n\n\n\n<p>f) Sustentabilidad del desarrollo del sector minero, a trav\u00e9s de la promoci\u00f3n de inversiones.<\/p>\n\n\n\n<p>g) Reciprocidad con la Madre Tierra. El desarrollo de las actividades mineras deber\u00e1 regirse en el marco de lo establecido en la Constituci\u00f3n Pol\u00edtica del Estado, la Ley N\u00ba 300 de 15 de octubre de 2012, Ley Marco de la Madre Tierra y Desarrollo Integral para Vivir Bien, y otra normativa legal aplicable.<\/p>\n\n\n\n<p>h) Protecci\u00f3n a Naciones y Pueblos Ind\u00edgena Originarios en situaci\u00f3n de Alta Vulnerabilidad. El Desarrollo de las actividades mineras deber\u00e1 considerar los cuidados de protecci\u00f3n a las naciones y pueblos ind\u00edgena originarios en situaci\u00f3n de alta vulnerabilidad, cuando corresponda.<\/p>\n\n\n\n<figure class=\"wp-block-gallery has-nested-images columns-default is-cropped wp-block-gallery-1 is-layout-flex wp-block-gallery-is-layout-flex\"><\/figure>\n\n\n\n<p><\/p>\n","protected":false},"excerpt":{"rendered":"<p>Nuestra Misi\u00f3n El optimizar el financiamiento de la cadena productiva del sector Cooperativo Minero mediante la otorgaci\u00f3n de pr\u00e9stamos y asistencia t\u00e9cnico administrativa para la satisfacci\u00f3n de sus necesidades de financiamiento y el Vivir Bien. Nuestra Visi\u00f3n Ser una entidad que dispone de soluciones de financiamiento por tipo de explotaci\u00f3n para optimizar la cadena productiva [&hellip;]<\/p>\n","protected":false},"author":1,"featured_media":0,"parent":0,"menu_order":0,"comment_status":"closed","ping_status":"closed","template":"","meta":{"_acf_changed":false,"footnotes":""},"class_list":["post-309","page","type-page","status-publish","hentry"],"acf":[],"_links":{"self":[{"href":"https:\/\/www.fofim.gob.bo\/index.php\/wp-json\/wp\/v2\/pages\/309","targetHints":{"allow":["GET"]}}],"collection":[{"href":"https:\/\/www.fofim.gob.bo\/index.php\/wp-json\/wp\/v2\/pages"}],"about":[{"href":"https:\/\/www.fofim.gob.bo\/index.php\/wp-json\/wp\/v2\/types\/page"}],"author":[{"embeddable":true,"href":"https:\/\/www.fofim.gob.bo\/index.php\/wp-json\/wp\/v2\/users\/1"}],"replies":[{"embeddable":true,"href":"https:\/\/www.fofim.gob.bo\/index.php\/wp-json\/wp\/v2\/comments?post=309"}],"version-history":[{"count":19,"href":"https:\/\/www.fofim.gob.bo\/index.php\/wp-json\/wp\/v2\/pages\/309\/revisions"}],"predecessor-version":[{"id":18424,"href":"https:\/\/www.fofim.gob.bo\/index.php\/wp-json\/wp\/v2\/pages\/309\/revisions\/18424"}],"wp:attachment":[{"href":"https:\/\/www.fofim.gob.bo\/index.php\/wp-json\/wp\/v2\/media?parent=309"}],"curies":[{"name":"wp","href":"https:\/\/api.w.org\/{rel}","templated":true}]}}