{"id":321,"date":"2024-04-05T21:30:47","date_gmt":"2024-04-05T19:30:47","guid":{"rendered":"https:\/\/wordpress.fofim.gob.bo\/?page_id=321"},"modified":"2025-09-18T10:54:46","modified_gmt":"2025-09-18T14:54:46","slug":"breve-historia-o-resena-sobre-la-creacion-y-evolucion-de-la-entidad","status":"publish","type":"page","link":"https:\/\/www.fofim.gob.bo\/index.php\/breve-historia-o-resena-sobre-la-creacion-y-evolucion-de-la-entidad\/","title":{"rendered":"Rese\u00f1a Hist\u00f3rica"},"content":{"rendered":"\n<figure class=\"wp-block-image size-full\"><img loading=\"lazy\" decoding=\"async\" width=\"1270\" height=\"701\" src=\"https:\/\/www.fofim.gob.bo\/wp-content\/uploads\/2025\/09\/WhatsApp-Image-2025-09-12-at-12.13.08-PM.jpeg\" alt=\"\" class=\"wp-image-18397\"\/><\/figure>\n\n\n\n<p class=\"has-text-align-center has-medium-font-size\">A trav\u00e9s del Decreto Supremo N\u00b027205 del 8 de octubre de 2003, se constituy\u00f3 el Fondo Minero de Inversi\u00f3n (FOMIN) con un monto de3.000.000 (Tres Millones 00\/100 de d\u00f3lares estadounidenses).<br>Esos recursos econ\u00f3micos proven\u00edan del Tesoro General de la Naci\u00f3n (TGN), mismos que no fueron desembolsados a causa de problemas estructurales entre las condiciones comerciales del fideicomiso y los costos de producci\u00f3n de las cooperativas, adem\u00e1s de la mala administraci\u00f3n gubernamental de Gonzalo S\u00e1nchez de Lozada, de esta manera, la administraci\u00f3n y los fondos del FOMIN fueron inmovilizados, no pudiendo operar desde el momento de su creaci\u00f3n.<br>Posteriormente el Decreto Supremo N\u00b027358 del 6 de febrero de 2004, instruy\u00f3 la transferencia de fondos remanentes del Programa Minero de Empleo Productivo III ejecutado por la Corporaci\u00f3n Minera de Bolivia (COMIBOL) al FOMIN, recursos que se encontraban en fideicomiso en el Banco BISA S.A. por la suma de $us 2.000.000 (Dos Millones 00\/100 d\u00f3lares estadounidenses) y en la cuenta fiscal del Banco Mercantil Santa Cruz un monto de Bs. 6.227.657,40 (Seis Millones Doscientos Veintisiete Mil Seiscientos Cincuenta y Siete 40\/100 bolivianos).<br>Ya en la gesti\u00f3n 2008 por medio del Decreto Supremo N\u00b029578 se estableci\u00f3 los mecanismos por los que el Ministerio de Hacienda (actualmente Ministerio de Econom\u00eda y Finanzas P\u00fablicas) provea recursos destinados a capital de operaciones, capital de inversiones y cr\u00e9ditos a las Cooperativas Mineras, por medio de la constituci\u00f3n de un fideicomiso de $us 10.000.000 (Diez Millones de d\u00f3lares estadounidenses) que deb\u00edan ser administrados por el Banco Uni\u00f3n S.A. mismo que no fue ejecutado.<br>El mismo Decreto Supremo dispon\u00eda la transferencia a favor del FOMIN, los recursos provenientes de la recuperaci\u00f3n de la cartera de COMIBOL por transferencias de equipos y maquinarias a las Cooperativas Mineras, hasta un monto de $us 8.000.000 (Ocho Millones 00\/100 d\u00f3lares estadounidenses).<br>El FOMIN era un entidad que no pose\u00eda las capacidades legales y t\u00e9cnicas para financiar actividades productivas mineras de las cooperativas, por lo que, se procedi\u00f3 a sustituirlo por un fondo de financiamiento orientado a apoyar las actividades mineras cooperativistas.<br>Es de esta manera, que el Estado Plurinacional de Bolivia con el objetivo de priorizar la atenci\u00f3n al sector minero cooperativista a objeto de fortalecer y consolidar su aporte a la econom\u00eda nacional y mejorar la calidad de vida de los socios cooperativistas, el&nbsp;<strong>4 de agosto de 2009 mediante el Decreto Supremo N\u00b0 0233 se crea el Fondo de Financiamiento para la Miner\u00eda (FOFIM),<\/strong>&nbsp;posteriormente reconocida por la Ley N\u00b0 535 de Miner\u00eda y Metalurgia en el Par\u00e1grafo II del Art\u00edculo 91, como una entidad de derecho p\u00fablico no bancaria descentralizada bajo tuici\u00f3n del Ministerio de Miner\u00eda y Metalurgia, con personalidad jur\u00eddica, autonom\u00eda de gesti\u00f3n administrativa, t\u00e9cnica, legal y financiera, con patrimonio propio, cuyo objeto es otorgar pr\u00e9stamos de fomento y asistencia t\u00e9cnico administrativa en toda la cadena productiva a favor de las cooperativas mineras, representadas por FENCOMIN.<\/p>\n\n\n\n<pre class=\"wp-block-code\"><code><\/code><\/pre>\n\n\n\n<figure class=\"wp-block-gallery has-nested-images columns-default is-cropped wp-block-gallery-1 is-layout-flex wp-block-gallery-is-layout-flex\"><\/figure>\n\n\n\n<p><\/p>\n","protected":false},"excerpt":{"rendered":"<p>A trav\u00e9s del Decreto Supremo N\u00b027205 del 8 de octubre de 2003, se constituy\u00f3 el Fondo Minero de Inversi\u00f3n (FOMIN) con un monto de3.000.000 (Tres Millones 00\/100 de d\u00f3lares estadounidenses).Esos recursos econ\u00f3micos proven\u00edan del Tesoro General de la Naci\u00f3n (TGN), mismos que no fueron desembolsados a causa de problemas estructurales entre las condiciones comerciales del [&hellip;]<\/p>\n","protected":false},"author":1,"featured_media":16967,"parent":0,"menu_order":0,"comment_status":"closed","ping_status":"closed","template":"","meta":{"_acf_changed":false,"footnotes":""},"class_list":["post-321","page","type-page","status-publish","has-post-thumbnail","hentry"],"acf":[],"_links":{"self":[{"href":"https:\/\/www.fofim.gob.bo\/index.php\/wp-json\/wp\/v2\/pages\/321","targetHints":{"allow":["GET"]}}],"collection":[{"href":"https:\/\/www.fofim.gob.bo\/index.php\/wp-json\/wp\/v2\/pages"}],"about":[{"href":"https:\/\/www.fofim.gob.bo\/index.php\/wp-json\/wp\/v2\/types\/page"}],"author":[{"embeddable":true,"href":"https:\/\/www.fofim.gob.bo\/index.php\/wp-json\/wp\/v2\/users\/1"}],"replies":[{"embeddable":true,"href":"https:\/\/www.fofim.gob.bo\/index.php\/wp-json\/wp\/v2\/comments?post=321"}],"version-history":[{"count":28,"href":"https:\/\/www.fofim.gob.bo\/index.php\/wp-json\/wp\/v2\/pages\/321\/revisions"}],"predecessor-version":[{"id":18485,"href":"https:\/\/www.fofim.gob.bo\/index.php\/wp-json\/wp\/v2\/pages\/321\/revisions\/18485"}],"wp:featuredmedia":[{"embeddable":true,"href":"https:\/\/www.fofim.gob.bo\/index.php\/wp-json\/wp\/v2\/media\/16967"}],"wp:attachment":[{"href":"https:\/\/www.fofim.gob.bo\/index.php\/wp-json\/wp\/v2\/media?parent=321"}],"curies":[{"name":"wp","href":"https:\/\/api.w.org\/{rel}","templated":true}]}}