{"id":328,"date":"2024-04-05T21:30:59","date_gmt":"2024-04-05T19:30:59","guid":{"rendered":"https:\/\/wordpress.fofim.gob.bo\/?page_id=328"},"modified":"2025-09-12T16:48:23","modified_gmt":"2025-09-12T20:48:23","slug":"descripcion-de-los-objetivos-y-funciones-principales-de-la-entidad-2","status":"publish","type":"page","link":"https:\/\/www.fofim.gob.bo\/index.php\/descripcion-de-los-objetivos-y-funciones-principales-de-la-entidad-2\/","title":{"rendered":"Objetivos Institucionales."},"content":{"rendered":"\n<p class=\"has-medium-font-size\"><\/p>\n\n\n\n<h2 class=\"wp-block-heading\"><strong>Lo que el FOFIM quiere ser y quiere lograr en el quinquenio 2021 &#8211; 2025 es:<\/strong><\/h2>\n\n\n\n<ul class=\"wp-block-list\">\n<li class=\"has-medium-font-size\"><strong>Ampliar la oferta de pr\u00e9stamos, ofreciendo la gesti\u00f3n de financiamiento a las Cooperativas Mineras.<\/strong> Con el objetivo de fortalecer el desarrollo productivo del sector minero cooperativizado, se busca diversificar y ampliar la oferta de productos financieros que brinda el Fondo de Financiamiento para la Miner\u00eda \u2013 FOFIM.<\/li>\n\n\n\n<li class=\"has-medium-font-size\"><strong>Lograr un \u00e1gil y adecuado manejo en la gesti\u00f3n para otorgar y recuperar los pr\u00e9stamos.<\/strong> Es prioritario optimizar los procesos administrativos y financieros vinculados al otorgamiento y recuperaci\u00f3n de pr\u00e9stamos, mediante la digitalizaci\u00f3n de tr\u00e1mites, la reducci\u00f3n de tiempos de respuesta y la estandarizaci\u00f3n de procedimientos.<\/li>\n\n\n\n<li class=\"has-medium-font-size\"><strong>Efectuar el control, seguimiento y evaluaci\u00f3n a la cartera de los pr\u00e9stamos otorgados.<\/strong>on el fin de preservar la sostenibilidad financiera del FOFIM y asegurar el cumplimiento de los compromisos adquiridos, resulta fundamental establecer un sistema de control y monitoreo permanente de la cartera de pr\u00e9stamos.<\/li>\n\n\n\n<li class=\"has-medium-font-size\"><strong>Lograr una administraci\u00f3n eficaz, eficiente y transparente, con sostenibilidad financiera.<\/strong> La gesti\u00f3n institucional del FOFIM debe orientarse hacia la consolidaci\u00f3n de una administraci\u00f3n moderna, sustentada en principios de eficiencia, eficacia y transparencia.<\/li>\n<\/ul>\n\n\n\n<p><\/p>\n\n\n\n<p>&nbsp;<\/p>\n","protected":false},"excerpt":{"rendered":"<p>Lo que el FOFIM quiere ser y quiere lograr en el quinquenio 2021 &#8211; 2025 es: &nbsp;<\/p>\n","protected":false},"author":1,"featured_media":0,"parent":0,"menu_order":0,"comment_status":"closed","ping_status":"closed","template":"","meta":{"_acf_changed":false,"footnotes":""},"class_list":["post-328","page","type-page","status-publish","hentry"],"acf":[],"_links":{"self":[{"href":"https:\/\/www.fofim.gob.bo\/index.php\/wp-json\/wp\/v2\/pages\/328","targetHints":{"allow":["GET"]}}],"collection":[{"href":"https:\/\/www.fofim.gob.bo\/index.php\/wp-json\/wp\/v2\/pages"}],"about":[{"href":"https:\/\/www.fofim.gob.bo\/index.php\/wp-json\/wp\/v2\/types\/page"}],"author":[{"embeddable":true,"href":"https:\/\/www.fofim.gob.bo\/index.php\/wp-json\/wp\/v2\/users\/1"}],"replies":[{"embeddable":true,"href":"https:\/\/www.fofim.gob.bo\/index.php\/wp-json\/wp\/v2\/comments?post=328"}],"version-history":[{"count":18,"href":"https:\/\/www.fofim.gob.bo\/index.php\/wp-json\/wp\/v2\/pages\/328\/revisions"}],"predecessor-version":[{"id":18433,"href":"https:\/\/www.fofim.gob.bo\/index.php\/wp-json\/wp\/v2\/pages\/328\/revisions\/18433"}],"wp:attachment":[{"href":"https:\/\/www.fofim.gob.bo\/index.php\/wp-json\/wp\/v2\/media?parent=328"}],"curies":[{"name":"wp","href":"https:\/\/api.w.org\/{rel}","templated":true}]}}