{"id":401,"date":"2024-04-05T21:34:07","date_gmt":"2024-04-05T19:34:07","guid":{"rendered":"https:\/\/wordpress.fofim.gob.bo\/?page_id=401"},"modified":"2025-09-09T15:39:45","modified_gmt":"2025-09-09T19:39:45","slug":"pei-descargable","status":"publish","type":"page","link":"https:\/\/www.fofim.gob.bo\/index.php\/pei-descargable\/","title":{"rendered":"Plan Estrat\u00e9gico Institucional (PEI)"},"content":{"rendered":"\n<p><\/p>\n\n\n\n<h4 class=\"wp-block-heading\">Plan Estrat\u00e9gico Institucional 2021 &#8211; 2025<\/h4>\n\n\n\n<p><\/p>\n\n\n\n<p>El Plan Estrat\u00e9gico Institucional se constituye en un instrumento de gesti\u00f3n, que define el Horizonte Pol\u00edtico Institucional, Objetivos Estrat\u00e9gicos Institucionales, Estrategias, Productos, Indicadores, Presupuesto y Responsable, de las Entidades P\u00fablicas.<\/p>\n\n\n\n<p>El PEI permite a cada Entidad P\u00fablica establecer, en el marco de sus atribuciones, su contribuci\u00f3n directa a la implementaci\u00f3n del PDES, PSDI, PEM PTDI, seg\u00fan corresponda, y se elaborar\u00e1n de forma simult\u00e1nea y coordinada con los planes de mediano plazo. Asimismo, contempla acciones de mediano plazo que se articulan a las acciones de corto plazo, reflejados en el Plan Operativo Anual (POA)<\/p>\n\n\n\n<p>El PEI se operativiza a trav\u00e9s del PDA y del Presupuesto, permitiendo medir el grado de eficacia considerando los indicadores establecidos en el mismo respecto a su Horizonte Pol\u00edtico Institucional<\/p>\n\n\n\n<p>Los lineamientos metodol\u00f3gicos para la formulaci\u00f3n del Plan Estrat\u00e9gico Institucional, se elaboran en el marco de la Ley N\u00b0 777 del SPIE y su \u00e1mbito de aplicaci\u00f3n comprende a todas las Entidades P\u00fablicas establecidas en el Art\u00edculo 4 de la citada Ley.<\/p>\n\n\n\n<p>El contenido del PEI periodo 2021-2025 del Fondo de Financiamiento para la Miner\u00eda FOFIM, se estructura en cuatro componentes (Enfoque Pol\u00edtico, Diagn\u00f3stico, Objetivos y Estrategias Institucionales y Planificaci\u00f3n) que en el marco de las atribuciones y competencias que confiere en el D.S. N\u00b0 0233, la Ley N\u00b0 535 y otra normativa conexa que permite a la instituci\u00f3n como entidad descentralizada del Ministerio de Miner\u00eda y Metalurgia a contribuir de manera directa a la implementaci\u00f3n del Plan Sectorial de Desarrollo Integral Minero Metal\u00fargico (PDESMM 2021-2025) as\u00ed como al Plan de Desarrollo Econ\u00f3mico y Social (PDES 2021 2025) y a la Agenda Patri\u00f3tica 2025.<\/p>\n\n\n\n<p><\/p>\n\n\n\n<h4 class=\"wp-block-heading\">Raz\u00f3n de ser del FOFIM es:<\/h4>\n\n\n\n<p>Optimizar el financiamiento de la cadena productiva del sector cooperativo minero mediante la otorgaci\u00f3n de pr\u00e9stamos y asistencia t\u00e9cnico administrativa para la satisfacci\u00f3n de sus necesidades de financiamiento y el Vivir Bien.<\/p>\n\n\n\n<p>Por lo tanto:<\/p>\n\n\n\n<ul class=\"wp-block-list\">\n<li><strong>Optimizar el financiamiento<\/strong>, implica que los recursos con los que cuente el FOFIM para la otorgaci\u00f3n de pr\u00e9stamos, abarque en cantidad y a quieres requieran de financiamiento para emprendimiento en la cadena productiva minera solicitadas por las cooperativas.<\/li>\n\n\n\n<li><strong>Otorgaci\u00f3n de pr\u00e9stamos<\/strong>, implica que sean \u00e1giles y oportunos para el fomento de la actividad productiva.<\/li>\n\n\n\n<li><strong>Asistencia t\u00e9cnico administrativa<\/strong>, implica que sea personalizada, oportuna, \u00e1gil, eficiente con calidad humana antes, durante y despu\u00e9s de la otorgaci\u00f3n del pr\u00e9stamo tanto para las cooperativas como para sus agremiaciones.<\/li>\n\n\n\n<li><strong>Satisfacci\u00f3n de sus necesidades y el Vivir bien<\/strong>, refiere a incrementar sus niveles de producci\u00f3n e ingresos, posibilitando mejorar la calidad de vida del sector y sus familias.<\/li>\n<\/ul>\n\n\n\n<p><\/p>\n\n\n<div class=\"widget widget_documentos_widget\">        <section\n            id=\"documentos\"><div class=\"container p-4\">\n    <div class=\"row\">\n        <div class=\"col-12 col-md-12\">\n            <article id=\"post-401\" class=\"post-401 page type-page status-publish hentry\">\n                <h4>\n                    Documentos                <\/h4>\n\n\n\n                <form id=\"form-buscar_documentos\" role=\"search\" method=\"get\" class=\"form-inline border border-0\" action=\"https:\/\/www.fofim.gob.bo\/index.php\/pei-descargable\/\">\n                    <div class=\"row align-items-end gy-3 pb-3\">\n\n                        <!-- Filtro A\u00f1o -->\n                        <div class=\"col-12 col-md-auto\">\n                            <label for=\"filtroAnioId\" class=\"icono-color form-label fw-semibold\">A\u00f1o<\/label>\n                            <select id=\"filtroAnioId\" name=\"anio\" class=\"form-select fondo-default texto-default\">\n                                <option value=\"\" selected>Seleccionar a\u00f1o<\/option>\n                                \n\n                                    <option value=\"2021-2025\" >\n                                        2021-2025                                    <\/option>\n                                                            <\/select>\n                        <\/div>\n\n                        <!-- Filtro Titulo -->\n\n                        <div class=\"col-12 col-md-auto\">\n                            <label for=\"filtroTituloId\" class=\"icono-color form-label fw-semibold\">Descripci\u00f3n<\/label>\n\n                            <div class=\"input-group texto-default\" style=\"display: flex !important; \">\n\n                                <input type=\"text\" id=\"filtroTituloId\" placeholder=\"Buscar por descripci\u00f3n\" name=\"titulo\" class=\"form-control fondo-default texto-default\" value=\"\">\n                                <button style=\"cursor: pointer;\" onclick=\"resetarFormulario('filtroTituloId', 'form-buscar_documentos' )\" class=\"input-group-text fondo-default\" id=\"clearInputdocumentos\"><i class=\"bi bi-x-circle-fill texto-default\"><\/i><\/button>\n                            <\/div>\n                        <\/div>\n\n                        <!-- Bot\u00f3n de B\u00fasqueda -->\n                        <div class=\"col-12 col-md-auto\">\n                            <button class=\"btn boton text-white\">Buscar en esta categoria <i class=\"bi bi-search\"><\/i><\/button>\n                        <\/div>\n                    <\/div>\n                <\/form>\n\n\n                <div class=\"table-responsive\">\n                    <table class=\"table\">\n                        <thead>\n                            <tr>\n                                <th class=\"titulo-columna\" scope=\"col\">A\u00f1o<\/th>\n                                <th class=\"titulo-columna\">Descripci\u00f3n<\/th>\n                                <th class=\"titulo-columna\" scope=\"col\">Documento<\/th>\n                            <\/tr>\n                        <\/thead>\n                        <tbody>\n                                                                <tr>\n                                        <td>2021-2025<\/td>\n                                        <td>Plan Estrat\u00e9gico Institucional 2021-2025 (PEI)<\/td>\n                                        <td>\n                                            <ul class=\"list-unstyled\">\n                                                <li><a href=\"https:\/\/www.fofim.gob.bo\/wp-content\/uploads\/2025\/05\/01-PEI-2021-2025.pdf\" target=\"_blank\"><i class=\"bi bi-file-earmark-pdf icono-pdf\"><\/i> Descargar archivo<\/a><\/li>\n                                            <\/ul>\n                                        <\/td>\n                                    <\/tr>\n                                                        <\/tbody>\n                    <\/table>\n                <\/div>\n\n\n                <nav aria-label=\"...\">\n                    <ul class=\"custom-pagination pagination justify-content-center\">\n                                            <\/ul>\n                <\/nav>\n            <\/article>\n        <\/div>\n    <\/div>\n<\/div>        <\/section>\n        <\/div>","protected":false},"excerpt":{"rendered":"<p>Plan Estrat\u00e9gico Institucional 2021 &#8211; 2025 El Plan Estrat\u00e9gico Institucional se constituye en un instrumento de gesti\u00f3n, que define el Horizonte Pol\u00edtico Institucional, Objetivos Estrat\u00e9gicos Institucionales, Estrategias, Productos, Indicadores, Presupuesto y Responsable, de las Entidades P\u00fablicas. El PEI permite a cada Entidad P\u00fablica establecer, en el marco de sus atribuciones, su contribuci\u00f3n directa a la [&hellip;]<\/p>\n","protected":false},"author":1,"featured_media":0,"parent":0,"menu_order":0,"comment_status":"closed","ping_status":"closed","template":"","meta":{"_acf_changed":false,"footnotes":"[]"},"class_list":["post-401","page","type-page","status-publish","hentry"],"acf":[],"_links":{"self":[{"href":"https:\/\/www.fofim.gob.bo\/index.php\/wp-json\/wp\/v2\/pages\/401","targetHints":{"allow":["GET"]}}],"collection":[{"href":"https:\/\/www.fofim.gob.bo\/index.php\/wp-json\/wp\/v2\/pages"}],"about":[{"href":"https:\/\/www.fofim.gob.bo\/index.php\/wp-json\/wp\/v2\/types\/page"}],"author":[{"embeddable":true,"href":"https:\/\/www.fofim.gob.bo\/index.php\/wp-json\/wp\/v2\/users\/1"}],"replies":[{"embeddable":true,"href":"https:\/\/www.fofim.gob.bo\/index.php\/wp-json\/wp\/v2\/comments?post=401"}],"version-history":[{"count":27,"href":"https:\/\/www.fofim.gob.bo\/index.php\/wp-json\/wp\/v2\/pages\/401\/revisions"}],"predecessor-version":[{"id":17749,"href":"https:\/\/www.fofim.gob.bo\/index.php\/wp-json\/wp\/v2\/pages\/401\/revisions\/17749"}],"wp:attachment":[{"href":"https:\/\/www.fofim.gob.bo\/index.php\/wp-json\/wp\/v2\/media?parent=401"}],"curies":[{"name":"wp","href":"https:\/\/api.w.org\/{rel}","templated":true}]}}